{"id":142,"date":"2025-10-15T15:11:16","date_gmt":"2025-10-15T15:11:16","guid":{"rendered":"https:\/\/ecoflexproseal.com\/?page_id=142"},"modified":"2025-10-16T12:01:43","modified_gmt":"2025-10-16T12:01:43","slug":"services-aux-entreprises","status":"publish","type":"page","link":"https:\/\/ecoflexproseal.com\/index.php\/services-aux-entreprises\/","title":{"rendered":"Services aux entreprises"},"content":{"rendered":"\t\t<div data-elementor-type=\"wp-page\" data-elementor-id=\"142\" class=\"elementor elementor-142\" data-elementor-post-type=\"page\">\n\t\t\t\t\t\t<section class=\"elementor-section elementor-top-section elementor-element elementor-element-f451a3b elementor-section-boxed elementor-section-height-default elementor-section-height-default\" data-id=\"f451a3b\" data-element_type=\"section\" data-settings=\"{&quot;background_background&quot;:&quot;classic&quot;,&quot;background_motion_fx_motion_fx_scrolling&quot;:&quot;yes&quot;,&quot;shape_divider_bottom&quot;:&quot;tilt&quot;,&quot;background_motion_fx_devices&quot;:[&quot;desktop&quot;,&quot;tablet&quot;,&quot;mobile&quot;]}\">\n\t\t\t\t\t\t\t<div class=\"elementor-background-overlay\"><\/div>\n\t\t\t\t\t\t<div class=\"elementor-shape elementor-shape-bottom\" aria-hidden=\"true\" data-negative=\"false\">\n\t\t\t<svg xmlns=\"http:\/\/www.w3.org\/2000\/svg\" viewBox=\"0 0 1000 100\" preserveAspectRatio=\"none\">\n\t<path class=\"elementor-shape-fill\" d=\"M0,6V0h1000v100L0,6z\"\/>\n<\/svg>\t\t<\/div>\n\t\t\t\t\t<div class=\"elementor-container elementor-column-gap-default\">\n\t\t\t\t\t<div class=\"elementor-column elementor-col-100 elementor-top-column elementor-element elementor-element-46c73ca\" data-id=\"46c73ca\" data-element_type=\"column\">\n\t\t\t<div class=\"elementor-widget-wrap elementor-element-populated\">\n\t\t\t\t\t\t<div class=\"elementor-element elementor-element-49e2f3d elementor-widget elementor-widget-spacer\" data-id=\"49e2f3d\" data-element_type=\"widget\" data-widget_type=\"spacer.default\">\n\t\t\t\t\t\t\t<div class=\"elementor-spacer\">\n\t\t\t<div class=\"elementor-spacer-inner\"><\/div>\n\t\t<\/div>\n\t\t\t\t\t\t<\/div>\n\t\t\t\t<div class=\"elementor-element elementor-element-0fd83c0 elementor-widget elementor-widget-heading\" data-id=\"0fd83c0\" data-element_type=\"widget\" data-widget_type=\"heading.default\">\n\t\t\t\t\t<h2 class=\"elementor-heading-title elementor-size-default\">SERVICES AUX ENTREPRISES<\/h2>\t\t\t\t<\/div>\n\t\t\t\t<div class=\"elementor-element elementor-element-f2c1c56 elementor-widget-divider--separator-type-pattern elementor-widget-divider--view-line elementor-widget elementor-widget-divider\" data-id=\"f2c1c56\" data-element_type=\"widget\" data-widget_type=\"divider.default\">\n\t\t\t\t\t\t\t<div class=\"elementor-divider\" style=\"--divider-pattern-url: url(&quot;data:image\/svg+xml,%3Csvg xmlns=&#039;http:\/\/www.w3.org\/2000\/svg&#039; preserveAspectRatio=&#039;none&#039; overflow=&#039;visible&#039; height=&#039;100%&#039; viewBox=&#039;0 0 20 16&#039; fill=&#039;none&#039; stroke=&#039;black&#039; stroke-width=&#039;4&#039; stroke-linecap=&#039;square&#039; stroke-miterlimit=&#039;10&#039;%3E%3Cg transform=&#039;translate(-12.000000, 0)&#039;%3E%3Cpath d=&#039;M28,0L10,18&#039;\/%3E%3Cpath d=&#039;M18,0L0,18&#039;\/%3E%3Cpath d=&#039;M48,0L30,18&#039;\/%3E%3Cpath d=&#039;M38,0L20,18&#039;\/%3E%3C\/g%3E%3C\/svg%3E&quot;);\">\n\t\t\t<span class=\"elementor-divider-separator\">\n\t\t\t\t\t\t<\/span>\n\t\t<\/div>\n\t\t\t\t\t\t<\/div>\n\t\t\t\t<div class=\"elementor-element elementor-element-e25e143 elementor-widget elementor-widget-spacer\" data-id=\"e25e143\" data-element_type=\"widget\" data-widget_type=\"spacer.default\">\n\t\t\t\t\t\t\t<div class=\"elementor-spacer\">\n\t\t\t<div class=\"elementor-spacer-inner\"><\/div>\n\t\t<\/div>\n\t\t\t\t\t\t<\/div>\n\t\t\t\t\t<\/div>\n\t\t<\/div>\n\t\t\t\t\t<\/div>\n\t\t<\/section>\n\t\t\t\t<section class=\"elementor-section elementor-top-section elementor-element elementor-element-b5443b1 elementor-section-boxed elementor-section-height-default elementor-section-height-default\" data-id=\"b5443b1\" data-element_type=\"section\" data-settings=\"{&quot;background_background&quot;:&quot;classic&quot;}\">\n\t\t\t\t\t\t<div class=\"elementor-container elementor-column-gap-default\">\n\t\t\t\t\t<div class=\"elementor-column elementor-col-100 elementor-top-column elementor-element elementor-element-b9a586c\" data-id=\"b9a586c\" data-element_type=\"column\">\n\t\t\t<div class=\"elementor-widget-wrap elementor-element-populated\">\n\t\t\t\t\t\t<div class=\"elementor-element elementor-element-c0adfb9 elementor-widget elementor-widget-spacer\" data-id=\"c0adfb9\" data-element_type=\"widget\" data-widget_type=\"spacer.default\">\n\t\t\t\t\t\t\t<div class=\"elementor-spacer\">\n\t\t\t<div class=\"elementor-spacer-inner\"><\/div>\n\t\t<\/div>\n\t\t\t\t\t\t<\/div>\n\t\t\t\t<div class=\"elementor-element elementor-element-6616fc3 elementor-widget elementor-widget-text-editor\" data-id=\"6616fc3\" data-element_type=\"widget\" data-widget_type=\"text-editor.default\">\n\t\t\t\t\t\t\t\t\t<p>Notre \u00e9quipe exp\u00e9riment\u00e9e est pr\u00eate \u00e0 collaborer \u00e9troitement avec vous. Nous comprenons l&#8217;importance d&#8217;un environnement ext\u00e9rieur impeccable pour votre entreprise et sommes d\u00e9termin\u00e9s \u00e0 fournir des solutions sur mesure qui d\u00e9passent vos attentes.<\/p><p>Choisissez la qualit\u00e9, choisissez la durabilit\u00e9, choisissez notre expertise pour magnifier vos espaces ext\u00e9rieurs et concr\u00e9tiser vos projets avec succ\u00e8s.<\/p>\t\t\t\t\t\t\t\t<\/div>\n\t\t\t\t\t<\/div>\n\t\t<\/div>\n\t\t\t\t\t<\/div>\n\t\t<\/section>\n\t\t\t\t<section class=\"elementor-section elementor-top-section elementor-element elementor-element-3e70d4c elementor-section-boxed elementor-section-height-default elementor-section-height-default\" data-id=\"3e70d4c\" data-element_type=\"section\" data-settings=\"{&quot;background_background&quot;:&quot;classic&quot;}\">\n\t\t\t\t\t\t\t<div class=\"elementor-background-overlay\"><\/div>\n\t\t\t\t\t\t\t<div class=\"elementor-container elementor-column-gap-default\">\n\t\t\t\t\t<div class=\"elementor-column elementor-col-100 elementor-top-column elementor-element elementor-element-45aa5ac\" data-id=\"45aa5ac\" data-element_type=\"column\">\n\t\t\t<div class=\"elementor-widget-wrap elementor-element-populated\">\n\t\t\t\t\t\t<div class=\"elementor-element elementor-element-8df681e elementor-widget elementor-widget-spacer\" data-id=\"8df681e\" data-element_type=\"widget\" data-widget_type=\"spacer.default\">\n\t\t\t\t\t\t\t<div class=\"elementor-spacer\">\n\t\t\t<div class=\"elementor-spacer-inner\"><\/div>\n\t\t<\/div>\n\t\t\t\t\t\t<\/div>\n\t\t\t\t<div class=\"elementor-element elementor-element-bff7b4e elementor-widget elementor-widget-heading\" data-id=\"bff7b4e\" data-element_type=\"widget\" data-widget_type=\"heading.default\">\n\t\t\t\t\t<h2 class=\"elementor-heading-title elementor-size-default\">PRISE DE CONTACT<\/h2>\t\t\t\t<\/div>\n\t\t\t\t<div class=\"elementor-element elementor-element-0f95687 elementor-widget elementor-widget-html\" data-id=\"0f95687\" data-element_type=\"widget\" data-widget_type=\"html.default\">\n\t\t\t\t\t<iframe aria-label='Contactez Nous' frameborder=\"0\" style=\"height:800px;width:99%;border:none;\" src='https:\/\/forms.zohopublic.com\/nettoyagepaveproseal1\/form\/ContactezNous1\/formperma\/Z3olhIKuSadu__77bd0_7hlgKYVQ752gCeTmDI6Emh8'><\/iframe>\t\t\t\t<\/div>\n\t\t\t\t<div class=\"elementor-element elementor-element-72e44f8 elementor-widget elementor-widget-spacer\" data-id=\"72e44f8\" data-element_type=\"widget\" data-widget_type=\"spacer.default\">\n\t\t\t\t\t\t\t<div class=\"elementor-spacer\">\n\t\t\t<div class=\"elementor-spacer-inner\"><\/div>\n\t\t<\/div>\n\t\t\t\t\t\t<\/div>\n\t\t\t\t\t<\/div>\n\t\t<\/div>\n\t\t\t\t\t<\/div>\n\t\t<\/section>\n\t\t\t\t<\/div>\n\t\t","protected":false},"excerpt":{"rendered":"<p>SERVICES AUX ENTREPRISES Notre \u00e9quipe exp\u00e9riment\u00e9e est pr\u00eate \u00e0 collaborer \u00e9troitement avec vous. Nous comprenons l&#8217;importance d&#8217;un environnement ext\u00e9rieur impeccable pour votre entreprise et sommes d\u00e9termin\u00e9s \u00e0 fournir des solutions sur mesure qui d\u00e9passent vos attentes. Choisissez la qualit\u00e9, choisissez la durabilit\u00e9, choisissez notre expertise pour magnifier vos espaces ext\u00e9rieurs et concr\u00e9tiser vos projets avec [&hellip;]<\/p>\n","protected":false},"author":1,"featured_media":0,"parent":0,"menu_order":0,"comment_status":"closed","ping_status":"closed","template":"","meta":{"footnotes":""},"class_list":["post-142","page","type-page","status-publish","hentry"],"yoast_head":"<!-- This site is optimized with the Yoast SEO plugin v26.1.1 - https:\/\/yoast.com\/wordpress\/plugins\/seo\/ -->\n<title>Services aux entreprises - Ecoflex Proseal<\/title>\n<meta name=\"robots\" content=\"index, follow, max-snippet:-1, max-image-preview:large, max-video-preview:-1\" \/>\n<link rel=\"canonical\" href=\"https:\/\/ecoflexproseal.com\/index.php\/services-aux-entreprises\/\" \/>\n<meta property=\"og:locale\" content=\"en_US\" \/>\n<meta property=\"og:type\" content=\"article\" \/>\n<meta property=\"og:title\" content=\"Services aux entreprises - Ecoflex Proseal\" \/>\n<meta property=\"og:description\" content=\"SERVICES AUX ENTREPRISES Notre \u00e9quipe exp\u00e9riment\u00e9e est pr\u00eate \u00e0 collaborer \u00e9troitement avec vous. Nous comprenons l&#8217;importance d&#8217;un environnement ext\u00e9rieur impeccable pour votre entreprise et sommes d\u00e9termin\u00e9s \u00e0 fournir des solutions sur mesure qui d\u00e9passent vos attentes. Choisissez la qualit\u00e9, choisissez la durabilit\u00e9, choisissez notre expertise pour magnifier vos espaces ext\u00e9rieurs et concr\u00e9tiser vos projets avec [&hellip;]\" \/>\n<meta property=\"og:url\" content=\"https:\/\/ecoflexproseal.com\/index.php\/services-aux-entreprises\/\" \/>\n<meta property=\"og:site_name\" content=\"Ecoflex Proseal\" \/>\n<meta property=\"article:modified_time\" content=\"2025-10-16T12:01:43+00:00\" \/>\n<meta name=\"twitter:card\" content=\"summary_large_image\" \/>\n<meta name=\"twitter:label1\" content=\"Est. reading time\" \/>\n\t<meta name=\"twitter:data1\" content=\"1 minute\" \/>\n<script type=\"application\/ld+json\" class=\"yoast-schema-graph\">{\"@context\":\"https:\/\/schema.org\",\"@graph\":[{\"@type\":\"WebPage\",\"@id\":\"https:\/\/ecoflexproseal.com\/index.php\/services-aux-entreprises\/\",\"url\":\"https:\/\/ecoflexproseal.com\/index.php\/services-aux-entreprises\/\",\"name\":\"Services aux entreprises - Ecoflex Proseal\",\"isPartOf\":{\"@id\":\"https:\/\/ecoflexproseal.com\/#website\"},\"datePublished\":\"2025-10-15T15:11:16+00:00\",\"dateModified\":\"2025-10-16T12:01:43+00:00\",\"breadcrumb\":{\"@id\":\"https:\/\/ecoflexproseal.com\/index.php\/services-aux-entreprises\/#breadcrumb\"},\"inLanguage\":\"en-CA\",\"potentialAction\":[{\"@type\":\"ReadAction\",\"target\":[\"https:\/\/ecoflexproseal.com\/index.php\/services-aux-entreprises\/\"]}]},{\"@type\":\"BreadcrumbList\",\"@id\":\"https:\/\/ecoflexproseal.com\/index.php\/services-aux-entreprises\/#breadcrumb\",\"itemListElement\":[{\"@type\":\"ListItem\",\"position\":1,\"name\":\"Home\",\"item\":\"https:\/\/ecoflexproseal.com\/\"},{\"@type\":\"ListItem\",\"position\":2,\"name\":\"Services aux entreprises\"}]},{\"@type\":\"WebSite\",\"@id\":\"https:\/\/ecoflexproseal.com\/#website\",\"url\":\"https:\/\/ecoflexproseal.com\/\",\"name\":\"Ecoflex Proseal\",\"description\":\"\",\"potentialAction\":[{\"@type\":\"SearchAction\",\"target\":{\"@type\":\"EntryPoint\",\"urlTemplate\":\"https:\/\/ecoflexproseal.com\/?s={search_term_string}\"},\"query-input\":{\"@type\":\"PropertyValueSpecification\",\"valueRequired\":true,\"valueName\":\"search_term_string\"}}],\"inLanguage\":\"en-CA\"}]}<\/script>\n<!-- \/ Yoast SEO plugin. -->","yoast_head_json":{"title":"Services aux entreprises - Ecoflex Proseal","robots":{"index":"index","follow":"follow","max-snippet":"max-snippet:-1","max-image-preview":"max-image-preview:large","max-video-preview":"max-video-preview:-1"},"canonical":"https:\/\/ecoflexproseal.com\/index.php\/services-aux-entreprises\/","og_locale":"en_US","og_type":"article","og_title":"Services aux entreprises - Ecoflex Proseal","og_description":"SERVICES AUX ENTREPRISES Notre \u00e9quipe exp\u00e9riment\u00e9e est pr\u00eate \u00e0 collaborer \u00e9troitement avec vous. Nous comprenons l&#8217;importance d&#8217;un environnement ext\u00e9rieur impeccable pour votre entreprise et sommes d\u00e9termin\u00e9s \u00e0 fournir des solutions sur mesure qui d\u00e9passent vos attentes. Choisissez la qualit\u00e9, choisissez la durabilit\u00e9, choisissez notre expertise pour magnifier vos espaces ext\u00e9rieurs et concr\u00e9tiser vos projets avec [&hellip;]","og_url":"https:\/\/ecoflexproseal.com\/index.php\/services-aux-entreprises\/","og_site_name":"Ecoflex Proseal","article_modified_time":"2025-10-16T12:01:43+00:00","twitter_card":"summary_large_image","twitter_misc":{"Est. reading time":"1 minute"},"schema":{"@context":"https:\/\/schema.org","@graph":[{"@type":"WebPage","@id":"https:\/\/ecoflexproseal.com\/index.php\/services-aux-entreprises\/","url":"https:\/\/ecoflexproseal.com\/index.php\/services-aux-entreprises\/","name":"Services aux entreprises - Ecoflex Proseal","isPartOf":{"@id":"https:\/\/ecoflexproseal.com\/#website"},"datePublished":"2025-10-15T15:11:16+00:00","dateModified":"2025-10-16T12:01:43+00:00","breadcrumb":{"@id":"https:\/\/ecoflexproseal.com\/index.php\/services-aux-entreprises\/#breadcrumb"},"inLanguage":"en-CA","potentialAction":[{"@type":"ReadAction","target":["https:\/\/ecoflexproseal.com\/index.php\/services-aux-entreprises\/"]}]},{"@type":"BreadcrumbList","@id":"https:\/\/ecoflexproseal.com\/index.php\/services-aux-entreprises\/#breadcrumb","itemListElement":[{"@type":"ListItem","position":1,"name":"Home","item":"https:\/\/ecoflexproseal.com\/"},{"@type":"ListItem","position":2,"name":"Services aux entreprises"}]},{"@type":"WebSite","@id":"https:\/\/ecoflexproseal.com\/#website","url":"https:\/\/ecoflexproseal.com\/","name":"Ecoflex Proseal","description":"","potentialAction":[{"@type":"SearchAction","target":{"@type":"EntryPoint","urlTemplate":"https:\/\/ecoflexproseal.com\/?s={search_term_string}"},"query-input":{"@type":"PropertyValueSpecification","valueRequired":true,"valueName":"search_term_string"}}],"inLanguage":"en-CA"}]}},"_links":{"self":[{"href":"https:\/\/ecoflexproseal.com\/index.php\/wp-json\/wp\/v2\/pages\/142","targetHints":{"allow":["GET"]}}],"collection":[{"href":"https:\/\/ecoflexproseal.com\/index.php\/wp-json\/wp\/v2\/pages"}],"about":[{"href":"https:\/\/ecoflexproseal.com\/index.php\/wp-json\/wp\/v2\/types\/page"}],"author":[{"embeddable":true,"href":"https:\/\/ecoflexproseal.com\/index.php\/wp-json\/wp\/v2\/users\/1"}],"replies":[{"embeddable":true,"href":"https:\/\/ecoflexproseal.com\/index.php\/wp-json\/wp\/v2\/comments?post=142"}],"version-history":[{"count":16,"href":"https:\/\/ecoflexproseal.com\/index.php\/wp-json\/wp\/v2\/pages\/142\/revisions"}],"predecessor-version":[{"id":218,"href":"https:\/\/ecoflexproseal.com\/index.php\/wp-json\/wp\/v2\/pages\/142\/revisions\/218"}],"wp:attachment":[{"href":"https:\/\/ecoflexproseal.com\/index.php\/wp-json\/wp\/v2\/media?parent=142"}],"curies":[{"name":"wp","href":"https:\/\/api.w.org\/{rel}","templated":true}]}}